{"id":123,"date":"2025-08-13T12:05:52","date_gmt":"2025-08-13T10:05:52","guid":{"rendered":"https:\/\/mediconn.nl\/?page_id=123"},"modified":"2026-03-11T09:23:45","modified_gmt":"2026-03-11T08:23:45","slug":"zubehor","status":"publish","type":"page","link":"https:\/\/mediconn.nl\/de\/producten\/accessoires\/","title":{"rendered":"Zubeh\u00f6r"},"content":{"rendered":"<div data-elementor-type=\"wp-page\" data-elementor-id=\"123\" class=\"elementor elementor-123\" data-elementor-post-type=\"page\">\n\t\t\t\t<div class=\"elementor-element elementor-element-e6a8599 e-flex e-con-boxed e-con e-parent\" data-id=\"e6a8599\" data-element_type=\"container\" data-e-type=\"container\">\n\t\t\t\t\t<div class=\"e-con-inner\">\n\t\t<div class=\"elementor-element elementor-element-2ae4710 e-con-full e-flex e-con e-child\" data-id=\"2ae4710\" data-element_type=\"container\" data-e-type=\"container\">\n\t\t\t\t<div class=\"elementor-element elementor-element-6660362 elementor-widget elementor-widget-heading\" data-id=\"6660362\" data-element_type=\"widget\" data-e-type=\"widget\" data-widget_type=\"heading.default\">\n\t\t\t\t\t<h2 class=\"elementor-heading-title elementor-size-default\"><b>Zubeh\u00f6r<\/b><\/h2>\t\t\t\t<\/div>\n\t\t\t\t<div class=\"elementor-element elementor-element-017379e elementor-widget elementor-widget-text-editor\" data-id=\"017379e\" data-element_type=\"widget\" data-e-type=\"widget\" data-widget_type=\"text-editor.default\">\n\t\t\t\t\t\t\t\t\t<p><strong><span class=\"a_GcMg font-feature-liga-off font-feature-clig-off font-feature-calt-off text-decoration-none text-strikethrough-none\" style=\"color: rgba(18,134,77,var(--o42jjq,1)); --ys-xuq: none; font-kerning: none;\">Sichere Montage, zuverl\u00e4ssige Erdungskabel und langlebige St\u00e4ubli POAG-Stecker.<\/span><\/strong><\/p>\t\t\t\t\t\t\t\t<\/div>\n\t\t\t\t<div class=\"elementor-element elementor-element-02e354a elementor-widget elementor-widget-text-editor\" data-id=\"02e354a\" data-element_type=\"widget\" data-e-type=\"widget\" data-widget_type=\"text-editor.default\">\n\t\t\t\t\t\t\t\t\t<div data-olk-copy-source=\"MessageBody\">In einer medizinischen Umgebung z\u00e4hlt jedes Detail. Nicht nur die medizinischen Stromkabel und Steckdosen. Auch das Zubeh\u00f6r entscheidet \u00fcber die Zuverl\u00e4ssigkeit und Sicherheit der Ger\u00e4te. Deshalb bieten wir verschiedene hochwertige Zubeh\u00f6rteile an, die perfekt auf unsere medizinischen Stromversorgungen und Steckdosen abgestimmt sind. Unsere Montageclips sorgen f\u00fcr eine stabile und sichere Befestigung, so dass medizinische Steckdosenleisten immer sauber und zuverl\u00e4ssig an ihrem Platz bleiben.<\/div><div>\u00a0<\/div><div><p>Die 6 mm2 Erdungsleitungen sind flexibel, abriebfest und f\u00fcr den langfristigen Einsatz in intensiven Umgebungen konzipiert. Sie gew\u00e4hrleisten einen konstanten und sicheren Potenzialausgleich, der f\u00fcr den Schutz von Patienten und Ger\u00e4ten unerl\u00e4sslich ist.<\/p><\/div><div>Bei den Steckern verwenden wir St\u00e4ubli POAG-Stecker. Diese hochwertigen Stecker sind bekannt f\u00fcr ihre Langlebigkeit, hervorragende Leitf\u00e4higkeit und zuverl\u00e4ssige Verriegelung. Zusammen sind sie die ideale Kombination aus Sicherheit, Benutzerfreundlichkeit und Langlebigkeit.<\/div><div>\u00a0<\/div><div>Mit diesem Zubeh\u00f6r bieten wir Einrichtungen des Gesundheitswesens eine Komplettl\u00f6sung: von medizinischen Stromkabeln und Steckdosen bis hin zu Befestigungsklemmen, Schutzleitern und St\u00e4ubli POAG-Steckern.<\/div><p><!--EndFragment--><\/p>\t\t\t\t\t\t\t\t<\/div>\n\t\t\t\t<div class=\"elementor-element elementor-element-a6a869a elementor-widget__width-initial elementor-widget elementor-widget-button\" data-id=\"a6a869a\" data-element_type=\"widget\" data-e-type=\"widget\" data-widget_type=\"button.default\">\n\t\t\t\t\t\t\t\t\t\t<a class=\"elementor-button elementor-button-link elementor-size-sm\" href=\"https:\/\/mediconn.nl\/contact\/\" target=\"_blank\">\n\t\t\t\t\t\t<span class=\"elementor-button-content-wrapper\">\n\t\t\t\t\t\t\t\t\t<span class=\"elementor-button-text\">Interessiert? Kontaktieren Sie uns unter sales@mediconn.nl<\/span>\n\t\t\t\t\t<\/span>\n\t\t\t\t\t<\/a>\n\t\t\t\t\t\t\t\t<\/div>\n\t\t\t\t<\/div>\n\t\t<div class=\"elementor-element elementor-element-63b57b0 e-con-full e-flex e-con e-child\" data-id=\"63b57b0\" data-element_type=\"container\" data-e-type=\"container\">\n\t\t<div class=\"elementor-element elementor-element-0555fa2 e-grid e-con-full e-con e-child\" data-id=\"0555fa2\" data-element_type=\"container\" data-e-type=\"container\">\n\t\t\t\t<div class=\"elementor-element elementor-element-1b5d1ab elementor-widget elementor-widget-image\" data-id=\"1b5d1ab\" data-element_type=\"widget\" data-e-type=\"widget\" data-widget_type=\"image.default\">\n\t\t\t\t\t\t\t\t\t\t\t\t\t\t\t<img fetchpriority=\"high\" decoding=\"async\" width=\"768\" height=\"1024\" src=\"https:\/\/mediconn.nl\/wp-content\/uploads\/2025\/10\/Ontwerp-zonder-titel-43-768x1024.png\" class=\"attachment-large size-large wp-image-1166\" alt=\"\" srcset=\"https:\/\/mediconn.nl\/wp-content\/uploads\/2025\/10\/Ontwerp-zonder-titel-43-768x1024.png 768w, https:\/\/mediconn.nl\/wp-content\/uploads\/2025\/10\/Ontwerp-zonder-titel-43-225x300.png 225w, https:\/\/mediconn.nl\/wp-content\/uploads\/2025\/10\/Ontwerp-zonder-titel-43-1152x1536.png 1152w, https:\/\/mediconn.nl\/wp-content\/uploads\/2025\/10\/Ontwerp-zonder-titel-43-9x12.png 9w, https:\/\/mediconn.nl\/wp-content\/uploads\/2025\/10\/Ontwerp-zonder-titel-43.png 1536w\" sizes=\"(max-width: 768px) 100vw, 768px\" \/>\t\t\t\t\t\t\t\t\t\t\t\t\t\t\t<\/div>\n\t\t\t\t<div class=\"elementor-element elementor-element-9fade79 elementor-widget elementor-widget-image\" data-id=\"9fade79\" data-element_type=\"widget\" data-e-type=\"widget\" data-widget_type=\"image.default\">\n\t\t\t\t\t\t\t\t\t\t\t\t\t\t\t<img decoding=\"async\" width=\"300\" height=\"300\" src=\"https:\/\/mediconn.nl\/wp-content\/uploads\/2025\/10\/Fotos-producten-mediconn-1.png\" class=\"attachment-large size-large wp-image-1172\" alt=\"\" srcset=\"https:\/\/mediconn.nl\/wp-content\/uploads\/2025\/10\/Fotos-producten-mediconn-1.png 300w, https:\/\/mediconn.nl\/wp-content\/uploads\/2025\/10\/Fotos-producten-mediconn-1-150x150.png 150w, https:\/\/mediconn.nl\/wp-content\/uploads\/2025\/10\/Fotos-producten-mediconn-1-12x12.png 12w\" sizes=\"(max-width: 300px) 100vw, 300px\" \/>\t\t\t\t\t\t\t\t\t\t\t\t\t\t\t<\/div>\n\t\t\t\t<\/div>\n\t\t\t\t<\/div>\n\t\t\t\t\t<\/div>\n\t\t\t\t<\/div>\n\t\t<div class=\"elementor-element elementor-element-88dd926 e-flex e-con-boxed e-con e-parent\" data-id=\"88dd926\" data-element_type=\"container\" data-e-type=\"container\">\n\t\t\t\t\t<div class=\"e-con-inner\">\n\t\t<div class=\"elementor-element elementor-element-efa1d5b e-con-full e-flex e-con e-child\" data-id=\"efa1d5b\" data-element_type=\"container\" data-e-type=\"container\">\n\t\t\t\t<\/div>\n\t\t\t\t\t<\/div>\n\t\t\t\t<\/div>\n\t\t\t\t<\/div>","protected":false},"excerpt":{"rendered":"<p>Accessoires Veilige montage, betrouwbare aarddraden en duurzame St\u00e4ubli POAG-pluggen. In een medische omgeving telt elk detail. Niet alleen de medische [&hellip;]<\/p>\n","protected":false},"author":1,"featured_media":0,"parent":26,"menu_order":0,"comment_status":"closed","ping_status":"closed","template":"","meta":{"site-sidebar-layout":"no-sidebar","site-content-layout":"","ast-site-content-layout":"full-width-container","site-content-style":"default","site-sidebar-style":"default","ast-global-header-display":"","ast-banner-title-visibility":"","ast-main-header-display":"","ast-hfb-above-header-display":"","ast-hfb-below-header-display":"","ast-hfb-mobile-header-display":"","site-post-title":"disabled","ast-breadcrumbs-content":"","ast-featured-img":"disabled","footer-sml-layout":"","ast-disable-related-posts":"","theme-transparent-header-meta":"","adv-header-id-meta":"","stick-header-meta":"","header-above-stick-meta":"","header-main-stick-meta":"","header-below-stick-meta":"","astra-migrate-meta-layouts":"default","ast-page-background-enabled":"default","ast-page-background-meta":{"desktop":{"background-color":"var(--ast-global-color-5)","background-image":"","background-repeat":"repeat","background-position":"center center","background-size":"auto","background-attachment":"scroll","background-type":"","background-media":"","overlay-type":"","overlay-color":"","overlay-opacity":"","overlay-gradient":""},"tablet":{"background-color":"","background-image":"","background-repeat":"repeat","background-position":"center center","background-size":"auto","background-attachment":"scroll","background-type":"","background-media":"","overlay-type":"","overlay-color":"","overlay-opacity":"","overlay-gradient":""},"mobile":{"background-color":"","background-image":"","background-repeat":"repeat","background-position":"center center","background-size":"auto","background-attachment":"scroll","background-type":"","background-media":"","overlay-type":"","overlay-color":"","overlay-opacity":"","overlay-gradient":""}},"ast-content-background-meta":{"desktop":{"background-color":"var(--ast-global-color-4)","background-image":"","background-repeat":"repeat","background-position":"center center","background-size":"auto","background-attachment":"scroll","background-type":"","background-media":"","overlay-type":"","overlay-color":"","overlay-opacity":"","overlay-gradient":""},"tablet":{"background-color":"var(--ast-global-color-4)","background-image":"","background-repeat":"repeat","background-position":"center center","background-size":"auto","background-attachment":"scroll","background-type":"","background-media":"","overlay-type":"","overlay-color":"","overlay-opacity":"","overlay-gradient":""},"mobile":{"background-color":"var(--ast-global-color-4)","background-image":"","background-repeat":"repeat","background-position":"center center","background-size":"auto","background-attachment":"scroll","background-type":"","background-media":"","overlay-type":"","overlay-color":"","overlay-opacity":"","overlay-gradient":""}},"footnotes":""},"class_list":["post-123","page","type-page","status-publish","hentry"],"_links":{"self":[{"href":"https:\/\/mediconn.nl\/de\/wp-json\/wp\/v2\/pages\/123","targetHints":{"allow":["GET"]}}],"collection":[{"href":"https:\/\/mediconn.nl\/de\/wp-json\/wp\/v2\/pages"}],"about":[{"href":"https:\/\/mediconn.nl\/de\/wp-json\/wp\/v2\/types\/page"}],"author":[{"embeddable":true,"href":"https:\/\/mediconn.nl\/de\/wp-json\/wp\/v2\/users\/1"}],"replies":[{"embeddable":true,"href":"https:\/\/mediconn.nl\/de\/wp-json\/wp\/v2\/comments?post=123"}],"version-history":[{"count":80,"href":"https:\/\/mediconn.nl\/de\/wp-json\/wp\/v2\/pages\/123\/revisions"}],"predecessor-version":[{"id":2640,"href":"https:\/\/mediconn.nl\/de\/wp-json\/wp\/v2\/pages\/123\/revisions\/2640"}],"up":[{"embeddable":true,"href":"https:\/\/mediconn.nl\/de\/wp-json\/wp\/v2\/pages\/26"}],"wp:attachment":[{"href":"https:\/\/mediconn.nl\/de\/wp-json\/wp\/v2\/media?parent=123"}],"curies":[{"name":"wp","href":"https:\/\/api.w.org\/{rel}","templated":true}]}}