{"id":1347,"date":"2025-11-13T12:38:21","date_gmt":"2025-11-13T11:38:21","guid":{"rendered":"https:\/\/mediconn.nl\/?page_id=1347"},"modified":"2026-03-11T09:34:58","modified_gmt":"2026-03-11T08:34:58","slug":"erklarung-zum-datenschutz","status":"publish","type":"page","link":"https:\/\/mediconn.nl\/de\/privacyverklaring\/","title":{"rendered":"Erkl\u00e4rung zum Datenschutz"},"content":{"rendered":"<div data-elementor-type=\"wp-page\" data-elementor-id=\"1347\" class=\"elementor elementor-1347\" data-elementor-post-type=\"page\">\n\t\t\t\t<div class=\"elementor-element elementor-element-5cdf604 e-con-full e-flex e-con e-parent\" data-id=\"5cdf604\" data-element_type=\"container\" data-e-type=\"container\">\n\t\t\t\t<div class=\"elementor-element elementor-element-d7a478c elementor-widget elementor-widget-heading\" data-id=\"d7a478c\" data-element_type=\"widget\" data-e-type=\"widget\" data-widget_type=\"heading.default\">\n\t\t\t\t\t<h2 class=\"elementor-heading-title elementor-size-default\"><b>Erkl\u00e4rung zum Datenschutz<\/b><\/h2>\t\t\t\t<\/div>\n\t\t\t\t<div class=\"elementor-element elementor-element-7a7b109 elementor-widget elementor-widget-text-editor\" data-id=\"7a7b109\" data-element_type=\"widget\" data-e-type=\"widget\" data-widget_type=\"text-editor.default\">\n\t\t\t\t\t\t\t\t\t<p><span style=\"color: #12864d;\"><b>Datenschutzerkl\u00e4rung Mediconn<\/b><\/span><\/p>\n<p><span style=\"font-style: inherit; font-weight: inherit;\">Letzte Aktualisierung: 13. November 2025<\/span><\/p><p><br><\/p>\n<p>Mediconn verpflichtet sich, Ihre pers\u00f6nlichen Daten zu sch\u00fctzen. In dieser Datenschutzerkl\u00e4rung erl\u00e4utern wir, welche Daten wir erheben, warum wir dies tun und wie wir mit ihnen umgehen.<\/p><p><br><\/p>\n<p><strong>Wer sind wir?<\/strong><\/p>\n<p>Mediconn ist ein Unternehmen, das sich auf die Entwicklung, Herstellung und den Vertrieb von medizinischen Stromkabeln und Steckdosen spezialisiert hat.<\/p><p><br><\/p>\n<p><strong>Daten des Unternehmens:<\/strong><\/p>\n<p>Mediconn B.V.<\/p>\n<p>Forsythialaan 3<\/p>\n<p>5342 HH Oss<\/p>\n<p>Niederlande<\/p>\n<p>Handelskammer: 96470771<\/p>\n<p>MEHRWERTSTEUER: NL867625399B01<\/p>\n<p>Telefon: +31622799518<\/p>\n<p>E-Mail: sales@mediconn.nl<\/p><p><br><\/p>\n<p><strong>Welche personenbezogenen Daten verarbeiten wir?<\/strong><\/p>\n<p>Wir verarbeiten personenbezogene Daten, die Sie uns selbst zur Verf\u00fcgung stellen, zum Beispiel wenn Sie:<\/p>\n<ul>\n<li>Besuchen Sie unsere Website<\/li>\n<li>F\u00fcllen Sie ein Kontakt- oder Angebotsformular aus<\/li>\n<li>Kommunizieren Sie mit uns per E-Mail oder Telefon<\/li>\n<li>Gekaufte Produkte<\/li>\n<\/ul>\n<p>Zu den Daten, die wir verarbeiten k\u00f6nnen, geh\u00f6ren:<\/p>\n<ul>\n<li>Name des Unternehmens<\/li>\n<li>Vorname und Nachname<\/li>\n<li>Adresse und Rechnungsangaben<\/li>\n<li>E-Mail Adresse<\/li>\n<li>Rufnummer<\/li>\n<li>Informationen, die Sie selbst in Formulare eingeben<\/li>\n<li>Technische Daten (wie IP-Adresse, Browserdaten und Cookie-Informationen)<\/li>\n<\/ul>\n<p><strong>Zweck der Verarbeitung<\/strong><\/p>\n<p>Wir verwenden Ihre personenbezogenen Daten f\u00fcr die folgenden Zwecke:<\/p>\n<ul>\n<li>Beantwortung von Fragen und Antr\u00e4gen<\/li>\n<li>Ausarbeitung und Versand von Angeboten<\/li>\n<li>Ausf\u00fchrung und Lieferung von Auftr\u00e4gen<\/li>\n<li>Kundendienst und Nachbetreuung<\/li>\n<li>Verbesserung unserer Website und Dienstleistungen<\/li>\n<li>Administrative, steuerliche und rechtliche Verpflichtungen<\/li>\n<\/ul>\n<p><strong>Rechtsgrundlage der Verarbeitung<\/strong><\/p>\n<p>Wir verarbeiten Ihre personenbezogenen Daten nur, soweit dies nach dem AVG zul\u00e4ssig ist. Dies kann auf der Grundlage von:<\/p>\n<ul>\n<li>Ihre Zustimmung<\/li>\n<li>Durchf\u00fchrung einer Vereinbarung<\/li>\n<li>Eine rechtliche Verpflichtung<\/li>\n<li>Unser berechtigtes Interesse (z. B. Verbesserung unserer Dienstleistungen)<\/li>\n<\/ul>\n<p><strong>Aufbewahrungsfrist<\/strong><\/p>\n<p>Ihre personenbezogenen Daten werden nicht l\u00e4nger aufbewahrt, als es f\u00fcr den Zweck, f\u00fcr den Sie sie zur Verf\u00fcgung gestellt haben, erforderlich ist, es sei denn, eine gesetzliche Verpflichtung erfordert eine l\u00e4ngere Aufbewahrungsfrist.<\/p><p><br><\/p>\n<p><strong>Weitergabe personenbezogener Daten an Dritte<\/strong><\/p>\n<p>Wir geben Ihre Daten nur dann an Dritte weiter, wenn dies f\u00fcr unsere Dienstleistungen erforderlich ist oder wenn wir gesetzlich dazu verpflichtet sind. Beispiele hierf\u00fcr sind:<\/p>\n<ul>\n<li>IT-Dienstleister (z. B. Webhosting, CRM)<\/li>\n<li>Logistik-Partner<\/li>\n<li>Finanz- und Steuerberater<\/li>\n<\/ul>\n<p>Wir schlie\u00dfen Verarbeitungsvertr\u00e4ge mit Parteien ab, die personenbezogene Daten in unserem Auftrag verarbeiten.<\/p>\n<p><strong>&nbsp;<\/strong><\/p>\n<p><strong>Sicherheit<\/strong><\/p>\n<p>Wir treffen geeignete technische und organisatorische Ma\u00dfnahmen, um Ihre personenbezogenen Daten vor Verlust, Missbrauch und unberechtigtem Zugriff zu sch\u00fctzen.<\/p>\n<p><strong>&nbsp;<\/strong><\/p>\n<p><strong>Ihre Rechte<\/strong><\/p>\n<p>Auf der Grundlage des AVG haben Sie die folgenden Rechte in Bezug auf Ihre personenbezogenen Daten:<\/p>\n<ul>\n<li>Auskunftsrecht: Sie k\u00f6nnen eine Anfrage stellen, um zu erfahren, welche personenbezogenen Daten wir \u00fcber Sie verarbeiten.<\/li>\n<li>Recht auf Berichtigung: Sie k\u00f6nnen uns auffordern, ungenaue oder unvollst\u00e4ndige Daten zu berichtigen.<\/li>\n<li>Recht auf L\u00f6schung: Sie k\u00f6nnen uns auffordern, Ihre personenbezogenen Daten zu l\u00f6schen, es sei denn, wir sind gesetzlich verpflichtet, sie aufzubewahren.<\/li>\n<li>Recht auf Einschr\u00e4nkung der Verarbeitung: Sie k\u00f6nnen eine Einschr\u00e4nkung der Verarbeitung verlangen.<\/li>\n<li>Recht auf Daten\u00fcbertragbarkeit: In bestimmten F\u00e4llen k\u00f6nnen Sie Ihre personenbezogenen Daten in einer strukturierten, g\u00e4ngigen und maschinenlesbaren Form erhalten.<\/li>\n<li>Widerspruchsrecht: Sie k\u00f6nnen der Verarbeitung Ihrer personenbezogenen Daten widersprechen, wenn diese auf unserem berechtigten Interesse beruht.<\/li>\n<li>Recht auf Widerruf der Einwilligung: wenn die Verarbeitung auf Ihrer Einwilligung beruht.<\/li>\n<\/ul>\n<p>Sie k\u00f6nnen diese Rechte aus\u00fcben, indem Sie uns unter sales@mediconn.nl kontaktieren. Wir werden Ihnen innerhalb der gesetzlichen Fristen antworten.<\/p>\n<p>Dar\u00fcber hinaus haben Sie das Recht, eine Beschwerde bei der Beh\u00f6rde f\u00fcr personenbezogene Daten einzureichen.<\/p><p><br><\/p>\n<p><strong>\u00c4nderungen an dieser Erkl\u00e4rung<\/strong><\/p>\n<p>Wir behalten uns das Recht vor, diese Erkl\u00e4rung zum Datenschutz zu \u00e4ndern. Die jeweils aktuelle Version finden Sie auf unserer Website.<\/p>\t\t\t\t\t\t\t\t<\/div>\n\t\t\t\t<\/div>\n\t\t<div class=\"elementor-element elementor-element-d80e069 e-flex e-con-boxed e-con e-parent\" data-id=\"d80e069\" data-element_type=\"container\" data-e-type=\"container\">\n\t\t\t\t\t<div class=\"e-con-inner\">\n\t\t\t\t\t<\/div>\n\t\t\t\t<\/div>\n\t\t<div class=\"elementor-element elementor-element-1e74aa1 e-flex e-con-boxed e-con e-parent\" data-id=\"1e74aa1\" data-element_type=\"container\" data-e-type=\"container\">\n\t\t\t\t\t<div class=\"e-con-inner\">\n\t\t\t\t\t<\/div>\n\t\t\t\t<\/div>\n\t\t\t\t<\/div>","protected":false},"excerpt":{"rendered":"<p>Privacyverklaring Privacyverklaring Mediconn Laatst bijgewerkt: 13 november 2025 Mediconn hecht veel waarde aan de bescherming van uw persoonsgegevens. In deze [&hellip;]<\/p>\n","protected":false},"author":1,"featured_media":0,"parent":0,"menu_order":0,"comment_status":"closed","ping_status":"closed","template":"","meta":{"site-sidebar-layout":"no-sidebar","site-content-layout":"","ast-site-content-layout":"full-width-container","site-content-style":"default","site-sidebar-style":"default","ast-global-header-display":"","ast-banner-title-visibility":"","ast-main-header-display":"","ast-hfb-above-header-display":"","ast-hfb-below-header-display":"","ast-hfb-mobile-header-display":"","site-post-title":"disabled","ast-breadcrumbs-content":"","ast-featured-img":"disabled","footer-sml-layout":"","ast-disable-related-posts":"","theme-transparent-header-meta":"","adv-header-id-meta":"","stick-header-meta":"","header-above-stick-meta":"","header-main-stick-meta":"","header-below-stick-meta":"","astra-migrate-meta-layouts":"default","ast-page-background-enabled":"default","ast-page-background-meta":{"desktop":{"background-color":"var(--ast-global-color-5)","background-image":"","background-repeat":"repeat","background-position":"center center","background-size":"auto","background-attachment":"scroll","background-type":"","background-media":"","overlay-type":"","overlay-color":"","overlay-opacity":"","overlay-gradient":""},"tablet":{"background-color":"","background-image":"","background-repeat":"repeat","background-position":"center center","background-size":"auto","background-attachment":"scroll","background-type":"","background-media":"","overlay-type":"","overlay-color":"","overlay-opacity":"","overlay-gradient":""},"mobile":{"background-color":"","background-image":"","background-repeat":"repeat","background-position":"center center","background-size":"auto","background-attachment":"scroll","background-type":"","background-media":"","overlay-type":"","overlay-color":"","overlay-opacity":"","overlay-gradient":""}},"ast-content-background-meta":{"desktop":{"background-color":"var(--ast-global-color-4)","background-image":"","background-repeat":"repeat","background-position":"center center","background-size":"auto","background-attachment":"scroll","background-type":"","background-media":"","overlay-type":"","overlay-color":"","overlay-opacity":"","overlay-gradient":""},"tablet":{"background-color":"var(--ast-global-color-4)","background-image":"","background-repeat":"repeat","background-position":"center center","background-size":"auto","background-attachment":"scroll","background-type":"","background-media":"","overlay-type":"","overlay-color":"","overlay-opacity":"","overlay-gradient":""},"mobile":{"background-color":"var(--ast-global-color-4)","background-image":"","background-repeat":"repeat","background-position":"center center","background-size":"auto","background-attachment":"scroll","background-type":"","background-media":"","overlay-type":"","overlay-color":"","overlay-opacity":"","overlay-gradient":""}},"footnotes":""},"class_list":["post-1347","page","type-page","status-publish","hentry"],"_links":{"self":[{"href":"https:\/\/mediconn.nl\/de\/wp-json\/wp\/v2\/pages\/1347","targetHints":{"allow":["GET"]}}],"collection":[{"href":"https:\/\/mediconn.nl\/de\/wp-json\/wp\/v2\/pages"}],"about":[{"href":"https:\/\/mediconn.nl\/de\/wp-json\/wp\/v2\/types\/page"}],"author":[{"embeddable":true,"href":"https:\/\/mediconn.nl\/de\/wp-json\/wp\/v2\/users\/1"}],"replies":[{"embeddable":true,"href":"https:\/\/mediconn.nl\/de\/wp-json\/wp\/v2\/comments?post=1347"}],"version-history":[{"count":71,"href":"https:\/\/mediconn.nl\/de\/wp-json\/wp\/v2\/pages\/1347\/revisions"}],"predecessor-version":[{"id":2671,"href":"https:\/\/mediconn.nl\/de\/wp-json\/wp\/v2\/pages\/1347\/revisions\/2671"}],"wp:attachment":[{"href":"https:\/\/mediconn.nl\/de\/wp-json\/wp\/v2\/media?parent=1347"}],"curies":[{"name":"wp","href":"https:\/\/api.w.org\/{rel}","templated":true}]}}