{"id":28,"date":"2025-08-13T08:38:15","date_gmt":"2025-08-13T06:38:15","guid":{"rendered":"https:\/\/mediconn.nl\/?page_id=28"},"modified":"2026-03-11T09:23:06","modified_gmt":"2026-03-11T08:23:06","slug":"potentialausgleichsdrahte","status":"publish","type":"page","link":"https:\/\/mediconn.nl\/de\/producten\/potentiaal-vereffeningsdraden\/","title":{"rendered":"Potentialausgleichsdr\u00e4hte"},"content":{"rendered":"<div data-elementor-type=\"wp-page\" data-elementor-id=\"28\" class=\"elementor elementor-28\" data-elementor-post-type=\"page\">\n\t\t\t\t<div class=\"elementor-element elementor-element-3e05fbc e-flex e-con-boxed e-con e-parent\" data-id=\"3e05fbc\" data-element_type=\"container\" data-e-type=\"container\">\n\t\t\t\t\t<div class=\"e-con-inner\">\n\t\t<div class=\"elementor-element elementor-element-da978f5 e-con-full e-flex e-con e-child\" data-id=\"da978f5\" data-element_type=\"container\" data-e-type=\"container\">\n\t\t\t\t<div class=\"elementor-element elementor-element-15bab7a elementor-widget elementor-widget-heading\" data-id=\"15bab7a\" data-element_type=\"widget\" data-e-type=\"widget\" data-widget_type=\"heading.default\">\n\t\t\t\t\t<h2 class=\"elementor-heading-title elementor-size-default\"><b>Potentialausgleichsdr\u00e4hte<\/b><\/h2>\t\t\t\t<\/div>\n\t\t\t\t<div class=\"elementor-element elementor-element-bbb673b elementor-widget elementor-widget-text-editor\" data-id=\"bbb673b\" data-element_type=\"widget\" data-e-type=\"widget\" data-widget_type=\"text-editor.default\">\n\t\t\t\t\t\t\t\t\t<p><strong><span class=\"a_GcMg font-feature-liga-off font-feature-clig-off font-feature-calt-off text-decoration-none text-strikethrough-none\" style=\"color: rgba(18,134,77,var(--o42jjq,1)); caret-color: #12864d; font-kerning: none; --ys-xuq: none;\">Zuverl\u00e4ssiger 6mm\u00b2 Draht mit <\/span><\/strong><\/p><p><strong><span class=\"a_GcMg font-feature-liga-off font-feature-clig-off font-feature-calt-off text-decoration-none text-strikethrough-none\" style=\"color: rgba(18,134,77,var(--o42jjq,1)); caret-color: #12864d; font-kerning: none; --ys-xuq: none;\">St\u00e4ubli POAG-Stopfen<\/span><\/strong><\/p>\t\t\t\t\t\t\t\t<\/div>\n\t\t\t\t<div class=\"elementor-element elementor-element-784165e elementor-widget elementor-widget-text-editor\" data-id=\"784165e\" data-element_type=\"widget\" data-e-type=\"widget\" data-widget_type=\"text-editor.default\">\n\t\t\t\t\t\t\t\t\t<p><span data-olk-copy-source=\"MessageBody\">Im medizinischen Bereich geht es vor allem um Sicherheit und Zuverl\u00e4ssigkeit. Doch ein wichtiges Detail wird oft vergessen: die Qualit\u00e4t der Potenzialausgleichsleitungen. Schlechte oder veraltete Verbindungen k\u00f6nnen zu Fehlern f\u00fchren - Risiken, die in einer medizinischen Umgebung nicht akzeptabel sind. Deshalb stellen wir unsere Potenzialausgleichsleitungen aus flexiblem 6mm2-Draht und robusten St\u00e4ubli POAG-Steckern her. Unsere Potenzialausgleichsdr\u00e4hte sind zudem flexibel und leicht, was die Installation vereinfacht und das Risiko einer mechanischen Beanspruchung von Ger\u00e4ten und Anschlusspunkten erheblich reduziert. Weniger Verschlei\u00df bedeutet mehr Sicherheit und langfristig geringere Kosten.<\/span><\/p><p><span data-olk-copy-source=\"MessageBody\">\u00a0<\/span><\/p>\t\t\t\t\t\t\t\t<\/div>\n\t\t\t\t<div class=\"elementor-element elementor-element-0e72821 elementor-widget__width-initial elementor-widget elementor-widget-button\" data-id=\"0e72821\" data-element_type=\"widget\" data-e-type=\"widget\" data-widget_type=\"button.default\">\n\t\t\t\t\t\t\t\t\t\t<a class=\"elementor-button elementor-button-link elementor-size-sm\" href=\"https:\/\/mediconn.nl\/contact\/\" target=\"_blank\">\n\t\t\t\t\t\t<span class=\"elementor-button-content-wrapper\">\n\t\t\t\t\t\t\t\t\t<span class=\"elementor-button-text\">Interessiert? Kontaktieren Sie uns unter sales@mediconn.nl<\/span>\n\t\t\t\t\t<\/span>\n\t\t\t\t\t<\/a>\n\t\t\t\t\t\t\t\t<\/div>\n\t\t\t\t<\/div>\n\t\t<div class=\"elementor-element elementor-element-2839119 e-con-full e-flex e-con e-child\" data-id=\"2839119\" data-element_type=\"container\" data-e-type=\"container\">\n\t\t\t\t<div class=\"elementor-element elementor-element-f88b189 elementor-widget elementor-widget-image\" data-id=\"f88b189\" data-element_type=\"widget\" data-e-type=\"widget\" data-widget_type=\"image.default\">\n\t\t\t\t\t\t\t\t\t\t\t\t\t\t\t<img fetchpriority=\"high\" decoding=\"async\" width=\"1024\" height=\"1024\" src=\"https:\/\/mediconn.nl\/wp-content\/uploads\/2025\/10\/potentieel-vereffeningsdraad-4.png\" class=\"attachment-large size-large wp-image-1317\" alt=\"\" srcset=\"https:\/\/mediconn.nl\/wp-content\/uploads\/2025\/10\/potentieel-vereffeningsdraad-4.png 1024w, https:\/\/mediconn.nl\/wp-content\/uploads\/2025\/10\/potentieel-vereffeningsdraad-4-300x300.png 300w, https:\/\/mediconn.nl\/wp-content\/uploads\/2025\/10\/potentieel-vereffeningsdraad-4-150x150.png 150w, https:\/\/mediconn.nl\/wp-content\/uploads\/2025\/10\/potentieel-vereffeningsdraad-4-768x768.png 768w, https:\/\/mediconn.nl\/wp-content\/uploads\/2025\/10\/potentieel-vereffeningsdraad-4-12x12.png 12w\" sizes=\"(max-width: 1024px) 100vw, 1024px\" \/>\t\t\t\t\t\t\t\t\t\t\t\t\t\t\t<\/div>\n\t\t\t\t<\/div>\n\t\t\t\t\t<\/div>\n\t\t\t\t<\/div>\n\t\t\t\t<\/div>","protected":false},"excerpt":{"rendered":"<p>Potentiaal vereffeningsdraden Betrouwbare 6mm\u00b2 draad met St\u00e4ubli POAG-pluggen In de medische sector draait alles om veiligheid en betrouwbaarheid. Toch wordt [&hellip;]<\/p>\n","protected":false},"author":1,"featured_media":0,"parent":26,"menu_order":0,"comment_status":"closed","ping_status":"closed","template":"","meta":{"site-sidebar-layout":"no-sidebar","site-content-layout":"","ast-site-content-layout":"full-width-container","site-content-style":"default","site-sidebar-style":"default","ast-global-header-display":"","ast-banner-title-visibility":"","ast-main-header-display":"","ast-hfb-above-header-display":"","ast-hfb-below-header-display":"","ast-hfb-mobile-header-display":"","site-post-title":"disabled","ast-breadcrumbs-content":"","ast-featured-img":"disabled","footer-sml-layout":"","ast-disable-related-posts":"","theme-transparent-header-meta":"","adv-header-id-meta":"","stick-header-meta":"","header-above-stick-meta":"","header-main-stick-meta":"","header-below-stick-meta":"","astra-migrate-meta-layouts":"default","ast-page-background-enabled":"default","ast-page-background-meta":{"desktop":{"background-color":"var(--ast-global-color-5)","background-image":"","background-repeat":"repeat","background-position":"center center","background-size":"auto","background-attachment":"scroll","background-type":"","background-media":"","overlay-type":"","overlay-color":"","overlay-opacity":"","overlay-gradient":""},"tablet":{"background-color":"","background-image":"","background-repeat":"repeat","background-position":"center center","background-size":"auto","background-attachment":"scroll","background-type":"","background-media":"","overlay-type":"","overlay-color":"","overlay-opacity":"","overlay-gradient":""},"mobile":{"background-color":"","background-image":"","background-repeat":"repeat","background-position":"center center","background-size":"auto","background-attachment":"scroll","background-type":"","background-media":"","overlay-type":"","overlay-color":"","overlay-opacity":"","overlay-gradient":""}},"ast-content-background-meta":{"desktop":{"background-color":"var(--ast-global-color-4)","background-image":"","background-repeat":"repeat","background-position":"center center","background-size":"auto","background-attachment":"scroll","background-type":"","background-media":"","overlay-type":"","overlay-color":"","overlay-opacity":"","overlay-gradient":""},"tablet":{"background-color":"var(--ast-global-color-4)","background-image":"","background-repeat":"repeat","background-position":"center center","background-size":"auto","background-attachment":"scroll","background-type":"","background-media":"","overlay-type":"","overlay-color":"","overlay-opacity":"","overlay-gradient":""},"mobile":{"background-color":"var(--ast-global-color-4)","background-image":"","background-repeat":"repeat","background-position":"center center","background-size":"auto","background-attachment":"scroll","background-type":"","background-media":"","overlay-type":"","overlay-color":"","overlay-opacity":"","overlay-gradient":""}},"footnotes":""},"class_list":["post-28","page","type-page","status-publish","hentry"],"_links":{"self":[{"href":"https:\/\/mediconn.nl\/de\/wp-json\/wp\/v2\/pages\/28","targetHints":{"allow":["GET"]}}],"collection":[{"href":"https:\/\/mediconn.nl\/de\/wp-json\/wp\/v2\/pages"}],"about":[{"href":"https:\/\/mediconn.nl\/de\/wp-json\/wp\/v2\/types\/page"}],"author":[{"embeddable":true,"href":"https:\/\/mediconn.nl\/de\/wp-json\/wp\/v2\/users\/1"}],"replies":[{"embeddable":true,"href":"https:\/\/mediconn.nl\/de\/wp-json\/wp\/v2\/comments?post=28"}],"version-history":[{"count":93,"href":"https:\/\/mediconn.nl\/de\/wp-json\/wp\/v2\/pages\/28\/revisions"}],"predecessor-version":[{"id":2637,"href":"https:\/\/mediconn.nl\/de\/wp-json\/wp\/v2\/pages\/28\/revisions\/2637"}],"up":[{"embeddable":true,"href":"https:\/\/mediconn.nl\/de\/wp-json\/wp\/v2\/pages\/26"}],"wp:attachment":[{"href":"https:\/\/mediconn.nl\/de\/wp-json\/wp\/v2\/media?parent=28"}],"curies":[{"name":"wp","href":"https:\/\/api.w.org\/{rel}","templated":true}]}}